{"id":10,"date":"2020-07-06T09:43:19","date_gmt":"2020-07-06T12:43:19","guid":{"rendered":"http:\/\/www.mascotesdaalegria.com.br\/site\/?page_id=10"},"modified":"2026-04-27T08:52:16","modified_gmt":"2026-04-27T11:52:16","slug":"home","status":"publish","type":"page","link":"https:\/\/www.mascotesdaalegria.com.br\/site\/","title":{"rendered":"HOME"},"content":{"rendered":"\t\t<div data-elementor-type=\"wp-page\" data-elementor-id=\"10\" class=\"elementor elementor-10\">\n\t\t\t\t\t\t<section class=\"elementor-section elementor-top-section elementor-element elementor-element-a0c8fa7 elementor-section-stretched elementor-section-boxed elementor-section-height-default elementor-section-height-default\" data-id=\"a0c8fa7\" data-element_type=\"section\" data-settings=\"{&quot;stretch_section&quot;:&quot;section-stretched&quot;,&quot;_ha_eqh_enable&quot;:false}\">\n\t\t\t\t\t\t<div class=\"elementor-container elementor-column-gap-no\">\n\t\t\t\t\t<div class=\"elementor-column elementor-col-100 elementor-top-column elementor-element elementor-element-473fc83\" data-id=\"473fc83\" data-element_type=\"column\">\n\t\t\t<div class=\"elementor-widget-wrap elementor-element-populated\">\n\t\t\t\t\t\t\t<\/div>\n\t\t<\/div>\n\t\t\t\t\t<\/div>\n\t\t<\/section>\n\t\t\t\t<section class=\"elementor-section elementor-top-section elementor-element elementor-element-774e5da elementor-section-boxed elementor-section-height-default elementor-section-height-default\" data-id=\"774e5da\" data-element_type=\"section\" data-settings=\"{&quot;_ha_eqh_enable&quot;:false}\">\n\t\t\t\t\t\t<div class=\"elementor-container elementor-column-gap-default\">\n\t\t\t\t\t<div class=\"elementor-column elementor-col-50 elementor-top-column elementor-element elementor-element-d742596\" data-id=\"d742596\" data-element_type=\"column\">\n\t\t\t<div class=\"elementor-widget-wrap elementor-element-populated\">\n\t\t\t\t\t\t<div class=\"elementor-element elementor-element-f9023cf elementor-widget elementor-widget-heading\" data-id=\"f9023cf\" data-element_type=\"widget\" data-widget_type=\"heading.default\">\n\t\t\t\t<div class=\"elementor-widget-container\">\n\t\t\t<h2 class=\"elementor-heading-title elementor-size-default\">SOBRE<\/h2>\t\t<\/div>\n\t\t\t\t<\/div>\n\t\t\t\t<div class=\"elementor-element elementor-element-39bc054 elementor-widget elementor-widget-text-editor\" data-id=\"39bc054\" data-element_type=\"widget\" data-widget_type=\"text-editor.default\">\n\t\t\t\t<div class=\"elementor-widget-container\">\n\t\t\t\t\t\t\t<div class=\"_4bl9\">\n<div class=\"_3-8w\">Mascotes da Alegria \u00e9 um grupo de estudos e de propaga\u00e7\u00e3o dos benef\u00edcios da rela\u00e7\u00e3o homem-animal cadastrado no setor de pesquisa e extens\u00e3o do Cescage.<\/div>\n<\/div><div style=\"position: absolute; left: -1423117px;\">O grupo de pesquisa Mascotes da Alegria, registrado no setor de pesquisa e divulga\u00e7\u00e3o da Cescage, analisa a influ\u00eancia das rela\u00e7\u00f5es entre humanos e animais no estado emocional e no comportamento social. Essas observa\u00e7\u00f5es costumam estar relacionadas \u00e0 forma como as pessoas escolhem suas atividades de lazer e os meios de aliviar o estresse no dia a dia. O interesse pela harmonia entre o ambiente natural e o entretenimento digital est\u00e1 se tornando cada vez mais evidente.\n\nEm meio ao crescente interesse por servi\u00e7os digitais de jogos de azar, surge o tema das formas convenientes de recarga de conta via SMS, especialmente procuradas na \u00c1ustria em 2026. Solu\u00e7\u00f5es semelhantes s\u00e3o abordadas em an\u00e1lises de plataformas, onde s\u00e3o avaliadas a velocidade das transa\u00e7\u00f5es, a seguran\u00e7a e a acessibilidade dos sites de jogos. Em um dos artigos, \u00e9 apresentado o      \n<a href=\"https:\/\/casinosms.at\/\">https:\/\/casinosms.at\/<\/a> Casino SMS Einzahlung: Guia Completo para a \u00c1ustria 2026 e as melhores plataformas de jogos, o que ajuda a se orientar nos m\u00e9todos modernos de dep\u00f3sito e na escolha de servi\u00e7os para entretenimento online.\n\nA combina\u00e7\u00e3o de observa\u00e7\u00f5es sobre o conforto emocional nas pesquisas da Mascotes da Alegria e das formas digitais modernas de lazer mostra como diversas esferas da vida se cruzam nas quest\u00f5es relacionadas \u00e0 escolha do lazer. A aten\u00e7\u00e3o ao equil\u00edbrio entre as conex\u00f5es com a natureza e o entretenimento online ajuda a olhar de uma nova perspectiva para os padr\u00f5es habituais de comportamento e as formas de passar o tempo livre. Essa vis\u00e3o une observa\u00e7\u00f5es cient\u00edficas e tend\u00eancias digitais na \u00e1rea do entretenimento.\n<\/div>\t\t\t\t\t\t<\/div>\n\t\t\t\t<\/div>\n\t\t\t\t\t<\/div>\n\t\t<\/div>\n\t\t\t\t<div class=\"elementor-column elementor-col-50 elementor-top-column elementor-element elementor-element-511f99e\" data-id=\"511f99e\" data-element_type=\"column\">\n\t\t\t<div class=\"elementor-widget-wrap elementor-element-populated\">\n\t\t\t\t\t\t<div class=\"elementor-element elementor-element-3042c16 elementor-widget elementor-widget-heading\" data-id=\"3042c16\" data-element_type=\"widget\" data-widget_type=\"heading.default\">\n\t\t\t\t<div class=\"elementor-widget-container\">\n\t\t\t<h2 class=\"elementor-heading-title elementor-size-default\">galeria de FOTOS<\/h2>\t\t<\/div>\n\t\t\t\t<\/div>\n\t\t\t\t<div class=\"elementor-element elementor-element-36463df elementor-arrows-position-inside elementor-widget elementor-widget-image-carousel\" data-id=\"36463df\" data-element_type=\"widget\" data-settings=\"{&quot;navigation&quot;:&quot;arrows&quot;,&quot;autoplay&quot;:&quot;yes&quot;,&quot;pause_on_hover&quot;:&quot;yes&quot;,&quot;pause_on_interaction&quot;:&quot;yes&quot;,&quot;autoplay_speed&quot;:5000,&quot;infinite&quot;:&quot;yes&quot;,&quot;speed&quot;:500}\" data-widget_type=\"image-carousel.default\">\n\t\t\t\t<div class=\"elementor-widget-container\">\n\t\t\t\t\t<div class=\"elementor-image-carousel-wrapper swiper\" dir=\"ltr\">\n\t\t\t<div class=\"elementor-image-carousel swiper-wrapper\" aria-live=\"off\">\n\t\t\t\t\t\t\t\t<div class=\"swiper-slide\" role=\"group\" aria-roledescription=\"slide\" aria-label=\"1 de 17\"><figure class=\"swiper-slide-inner\"><img decoding=\"async\" class=\"swiper-slide-image\" src=\"https:\/\/www.mascotesdaalegria.com.br\/site\/wp-content\/uploads\/2020\/07\/hh-150x150.gif\" alt=\"hh\" \/><\/figure><\/div><div class=\"swiper-slide\" role=\"group\" aria-roledescription=\"slide\" aria-label=\"2 de 17\"><figure class=\"swiper-slide-inner\"><img decoding=\"async\" class=\"swiper-slide-image\" src=\"https:\/\/www.mascotesdaalegria.com.br\/site\/wp-content\/uploads\/2020\/07\/pok-150x150.gif\" alt=\"pok\" \/><\/figure><\/div><div class=\"swiper-slide\" role=\"group\" aria-roledescription=\"slide\" aria-label=\"3 de 17\"><figure class=\"swiper-slide-inner\"><img decoding=\"async\" class=\"swiper-slide-image\" src=\"https:\/\/www.mascotesdaalegria.com.br\/site\/wp-content\/uploads\/2020\/07\/f-150x150.gif\" alt=\"f\" \/><\/figure><\/div><div class=\"swiper-slide\" role=\"group\" aria-roledescription=\"slide\" aria-label=\"4 de 17\"><figure class=\"swiper-slide-inner\"><img decoding=\"async\" class=\"swiper-slide-image\" src=\"https:\/\/www.mascotesdaalegria.com.br\/site\/wp-content\/uploads\/2020\/07\/e-150x150.gif\" alt=\"e\" \/><\/figure><\/div><div class=\"swiper-slide\" role=\"group\" aria-roledescription=\"slide\" aria-label=\"5 de 17\"><figure class=\"swiper-slide-inner\"><img decoding=\"async\" class=\"swiper-slide-image\" src=\"https:\/\/www.mascotesdaalegria.com.br\/site\/wp-content\/uploads\/2020\/07\/d-150x150.gif\" alt=\"d\" \/><\/figure><\/div><div class=\"swiper-slide\" role=\"group\" aria-roledescription=\"slide\" aria-label=\"6 de 17\"><figure class=\"swiper-slide-inner\"><img decoding=\"async\" class=\"swiper-slide-image\" src=\"https:\/\/www.mascotesdaalegria.com.br\/site\/wp-content\/uploads\/2020\/07\/c-150x150.gif\" alt=\"c\" \/><\/figure><\/div><div class=\"swiper-slide\" role=\"group\" aria-roledescription=\"slide\" aria-label=\"7 de 17\"><figure class=\"swiper-slide-inner\"><img decoding=\"async\" class=\"swiper-slide-image\" src=\"https:\/\/www.mascotesdaalegria.com.br\/site\/wp-content\/uploads\/2020\/07\/b-150x150.gif\" alt=\"b\" \/><\/figure><\/div><div class=\"swiper-slide\" role=\"group\" aria-roledescription=\"slide\" aria-label=\"8 de 17\"><figure class=\"swiper-slide-inner\"><img decoding=\"async\" class=\"swiper-slide-image\" src=\"https:\/\/www.mascotesdaalegria.com.br\/site\/wp-content\/uploads\/2020\/07\/a-150x150.gif\" alt=\"a\" \/><\/figure><\/div><div class=\"swiper-slide\" role=\"group\" aria-roledescription=\"slide\" aria-label=\"9 de 17\"><figure class=\"swiper-slide-inner\"><img decoding=\"async\" class=\"swiper-slide-image\" src=\"https:\/\/www.mascotesdaalegria.com.br\/site\/wp-content\/uploads\/2020\/07\/q-150x150.png\" alt=\"q\" \/><\/figure><\/div><div class=\"swiper-slide\" role=\"group\" aria-roledescription=\"slide\" aria-label=\"10 de 17\"><figure class=\"swiper-slide-inner\"><img decoding=\"async\" class=\"swiper-slide-image\" src=\"https:\/\/www.mascotesdaalegria.com.br\/site\/wp-content\/uploads\/2020\/07\/Sem-T\u00edtulo-1-150x150.png\" alt=\"Sem-T\u00edtulo-1\" \/><\/figure><\/div><div class=\"swiper-slide\" role=\"group\" aria-roledescription=\"slide\" aria-label=\"11 de 17\"><figure class=\"swiper-slide-inner\"><img decoding=\"async\" class=\"swiper-slide-image\" src=\"https:\/\/www.mascotesdaalegria.com.br\/site\/wp-content\/uploads\/2020\/07\/jk-150x150.png\" alt=\"jk\" \/><\/figure><\/div><div class=\"swiper-slide\" role=\"group\" aria-roledescription=\"slide\" aria-label=\"12 de 17\"><figure class=\"swiper-slide-inner\"><img decoding=\"async\" class=\"swiper-slide-image\" src=\"https:\/\/www.mascotesdaalegria.com.br\/site\/wp-content\/uploads\/2020\/07\/h-150x150.png\" alt=\"h\" \/><\/figure><\/div><div class=\"swiper-slide\" role=\"group\" aria-roledescription=\"slide\" aria-label=\"13 de 17\"><figure class=\"swiper-slide-inner\"><img decoding=\"async\" class=\"swiper-slide-image\" src=\"https:\/\/www.mascotesdaalegria.com.br\/site\/wp-content\/uploads\/2020\/07\/c-150x150.png\" alt=\"c\" \/><\/figure><\/div><div class=\"swiper-slide\" role=\"group\" aria-roledescription=\"slide\" aria-label=\"14 de 17\"><figure class=\"swiper-slide-inner\"><img decoding=\"async\" class=\"swiper-slide-image\" src=\"https:\/\/www.mascotesdaalegria.com.br\/site\/wp-content\/uploads\/2020\/07\/a-150x150.png\" alt=\"a\" \/><\/figure><\/div><div class=\"swiper-slide\" role=\"group\" aria-roledescription=\"slide\" aria-label=\"15 de 17\"><figure class=\"swiper-slide-inner\"><img decoding=\"async\" class=\"swiper-slide-image\" src=\"https:\/\/www.mascotesdaalegria.com.br\/site\/wp-content\/uploads\/2020\/07\/09uy-150x150.png\" alt=\"09uy\" \/><\/figure><\/div><div class=\"swiper-slide\" role=\"group\" aria-roledescription=\"slide\" aria-label=\"16 de 17\"><figure class=\"swiper-slide-inner\"><img decoding=\"async\" class=\"swiper-slide-image\" src=\"https:\/\/www.mascotesdaalegria.com.br\/site\/wp-content\/uploads\/2020\/07\/2-150x150.png\" alt=\"2\" \/><\/figure><\/div><div class=\"swiper-slide\" role=\"group\" aria-roledescription=\"slide\" aria-label=\"17 de 17\"><figure class=\"swiper-slide-inner\"><img decoding=\"async\" class=\"swiper-slide-image\" src=\"https:\/\/www.mascotesdaalegria.com.br\/site\/wp-content\/uploads\/2020\/07\/v-150x150.png\" alt=\"v\" \/><\/figure><\/div>\t\t\t<\/div>\n\t\t\t\t\t\t\t\t\t\t\t\t<div class=\"elementor-swiper-button elementor-swiper-button-prev\" role=\"button\" tabindex=\"0\">\n\t\t\t\t\t\t<i aria-hidden=\"true\" class=\"eicon-chevron-left\"><\/i>\t\t\t\t\t<\/div>\n\t\t\t\t\t<div class=\"elementor-swiper-button elementor-swiper-button-next\" role=\"button\" tabindex=\"0\">\n\t\t\t\t\t\t<i aria-hidden=\"true\" class=\"eicon-chevron-right\"><\/i>\t\t\t\t\t<\/div>\n\t\t\t\t\n\t\t\t\t\t\t\t\t\t<\/div>\n\t\t\t\t<\/div>\n\t\t\t\t<\/div>\n\t\t\t\t<div class=\"elementor-element elementor-element-5b9a9d5 elementor-align-center elementor-widget elementor-widget-button\" data-id=\"5b9a9d5\" data-element_type=\"widget\" data-widget_type=\"button.default\">\n\t\t\t\t<div class=\"elementor-widget-container\">\n\t\t\t\t\t<div class=\"elementor-button-wrapper\">\n\t\t\t<a class=\"elementor-button elementor-button-link elementor-size-sm\" href=\"\/site\/eventos\">\n\t\t\t\t\t\t<span class=\"elementor-button-content-wrapper\">\n\t\t\t\t\t\t\t\t\t<span class=\"elementor-button-text\">VER TODAS A FOTOS<\/span>\n\t\t\t\t\t<\/span>\n\t\t\t\t\t<\/a>\n\t\t<\/div>\n\t\t\t\t<\/div>\n\t\t\t\t<\/div>\n\t\t\t\t\t<\/div>\n\t\t<\/div>\n\t\t\t\t\t<\/div>\n\t\t<\/section>\n\t\t\t\t<section class=\"elementor-section elementor-top-section elementor-element elementor-element-66eef5d1 elementor-section-content-middle elementor-section-boxed elementor-section-height-default elementor-section-height-default\" data-id=\"66eef5d1\" data-element_type=\"section\" data-settings=\"{&quot;background_background&quot;:&quot;classic&quot;,&quot;_ha_eqh_enable&quot;:false}\">\n\t\t\t\t\t\t<div class=\"elementor-container elementor-column-gap-no\">\n\t\t\t\t\t<div class=\"elementor-column elementor-col-50 elementor-top-column elementor-element elementor-element-2bea0e9c\" data-id=\"2bea0e9c\" data-element_type=\"column\">\n\t\t\t<div class=\"elementor-widget-wrap elementor-element-populated\">\n\t\t\t\t\t\t<div class=\"elementor-element elementor-element-39cb2331 elementor-widget elementor-widget-heading\" data-id=\"39cb2331\" data-element_type=\"widget\" data-widget_type=\"heading.default\">\n\t\t\t\t<div class=\"elementor-widget-container\">\n\t\t\t<h4 class=\"elementor-heading-title elementor-size-default\"><b>Quer ajudar?<\/b> Seja um volunt\u00e1rio!<\/h4>\t\t<\/div>\n\t\t\t\t<\/div>\n\t\t\t\t\t<\/div>\n\t\t<\/div>\n\t\t\t\t<div class=\"elementor-column elementor-col-50 elementor-top-column elementor-element elementor-element-6a1d5b78\" data-id=\"6a1d5b78\" data-element_type=\"column\">\n\t\t\t<div class=\"elementor-widget-wrap elementor-element-populated\">\n\t\t\t\t\t\t<div class=\"elementor-element elementor-element-639c72ed elementor-align-left elementor-mobile-align-center elementor-widget elementor-widget-button\" data-id=\"639c72ed\" data-element_type=\"widget\" data-widget_type=\"button.default\">\n\t\t\t\t<div class=\"elementor-widget-container\">\n\t\t\t\t\t<div class=\"elementor-button-wrapper\">\n\t\t\t<a class=\"elementor-button elementor-button-link elementor-size-sm elementor-animation-grow\" href=\"#\">\n\t\t\t\t\t\t<span class=\"elementor-button-content-wrapper\">\n\t\t\t\t\t\t\t\t\t<span class=\"elementor-button-text\">quero ser volunt\u00e1rio<\/span>\n\t\t\t\t\t<\/span>\n\t\t\t\t\t<\/a>\n\t\t<\/div>\n\t\t\t\t<\/div>\n\t\t\t\t<\/div>\n\t\t\t\t\t<\/div>\n\t\t<\/div>\n\t\t\t\t\t<\/div>\n\t\t<\/section>\n\t\t\t\t<\/div>\n\t\t","protected":false},"excerpt":{"rendered":"<p>SOBRE Mascotes da Alegria \u00e9 um grupo de estudos e de propaga\u00e7\u00e3o dos benef\u00edcios da rela\u00e7\u00e3o homem-animal cadastrado no setor de pesquisa e extens\u00e3o do Cescage. O grupo de pesquisa &#8230;<\/p>\n","protected":false},"author":1,"featured_media":0,"parent":0,"menu_order":0,"comment_status":"closed","ping_status":"closed","template":"elementor_header_footer","meta":{"footnotes":""},"class_list":["post-10","page","type-page","status-publish","hentry"],"_links":{"self":[{"href":"https:\/\/www.mascotesdaalegria.com.br\/site\/wp-json\/wp\/v2\/pages\/10"}],"collection":[{"href":"https:\/\/www.mascotesdaalegria.com.br\/site\/wp-json\/wp\/v2\/pages"}],"about":[{"href":"https:\/\/www.mascotesdaalegria.com.br\/site\/wp-json\/wp\/v2\/types\/page"}],"author":[{"embeddable":true,"href":"https:\/\/www.mascotesdaalegria.com.br\/site\/wp-json\/wp\/v2\/users\/1"}],"replies":[{"embeddable":true,"href":"https:\/\/www.mascotesdaalegria.com.br\/site\/wp-json\/wp\/v2\/comments?post=10"}],"version-history":[{"count":33,"href":"https:\/\/www.mascotesdaalegria.com.br\/site\/wp-json\/wp\/v2\/pages\/10\/revisions"}],"predecessor-version":[{"id":1004,"href":"https:\/\/www.mascotesdaalegria.com.br\/site\/wp-json\/wp\/v2\/pages\/10\/revisions\/1004"}],"wp:attachment":[{"href":"https:\/\/www.mascotesdaalegria.com.br\/site\/wp-json\/wp\/v2\/media?parent=10"}],"curies":[{"name":"wp","href":"https:\/\/api.w.org\/{rel}","templated":true}]}}