{"id":12,"date":"2020-07-06T09:43:41","date_gmt":"2020-07-06T12:43:41","guid":{"rendered":"http:\/\/www.mascotesdaalegria.com.br\/site\/?page_id=12"},"modified":"2020-07-07T11:22:29","modified_gmt":"2020-07-07T14:22:29","slug":"iaa","status":"publish","type":"page","link":"https:\/\/www.mascotesdaalegria.com.br\/site\/iaa\/","title":{"rendered":"IAA"},"content":{"rendered":"\t\t<div data-elementor-type=\"wp-page\" data-elementor-id=\"12\" class=\"elementor elementor-12\">\n\t\t\t\t\t\t<section class=\"elementor-section elementor-top-section elementor-element elementor-element-f4168cf elementor-section-full_width elementor-section-height-default elementor-section-height-default\" data-id=\"f4168cf\" data-element_type=\"section\" data-settings=\"{&quot;background_background&quot;:&quot;classic&quot;,&quot;_ha_eqh_enable&quot;:false}\">\n\t\t\t\t\t\t<div class=\"elementor-container elementor-column-gap-no\">\n\t\t\t\t\t<div class=\"elementor-column elementor-col-50 elementor-top-column elementor-element elementor-element-aec248b\" data-id=\"aec248b\" data-element_type=\"column\">\n\t\t\t<div class=\"elementor-widget-wrap elementor-element-populated\">\n\t\t\t\t\t\t<div class=\"elementor-element elementor-element-ce15e99 elementor-widget elementor-widget-image\" data-id=\"ce15e99\" data-element_type=\"widget\" data-widget_type=\"image.default\">\n\t\t\t\t<div class=\"elementor-widget-container\">\n\t\t\t\t\t\t\t\t\t\t\t\t\t<img fetchpriority=\"high\" decoding=\"async\" width=\"600\" height=\"1000\" src=\"https:\/\/www.mascotesdaalegria.com.br\/site\/wp-content\/uploads\/2020\/07\/cao.gif\" class=\"attachment-large size-large wp-image-197\" alt=\"\" \/>\t\t\t\t\t\t\t\t\t\t\t\t\t<\/div>\n\t\t\t\t<\/div>\n\t\t\t\t\t<\/div>\n\t\t<\/div>\n\t\t\t\t<div class=\"elementor-column elementor-col-50 elementor-top-column elementor-element elementor-element-a8bfd5e\" data-id=\"a8bfd5e\" data-element_type=\"column\">\n\t\t\t<div class=\"elementor-widget-wrap elementor-element-populated\">\n\t\t\t\t\t\t<div class=\"elementor-element elementor-element-bac5aba elementor-widget elementor-widget-heading\" data-id=\"bac5aba\" data-element_type=\"widget\" data-widget_type=\"heading.default\">\n\t\t\t\t<div class=\"elementor-widget-container\">\n\t\t\t<h2 class=\"elementor-heading-title elementor-size-default\">O conceito IAA<\/h2>\t\t<\/div>\n\t\t\t\t<\/div>\n\t\t\t\t<div class=\"elementor-element elementor-element-0361485 elementor-widget elementor-widget-text-editor\" data-id=\"0361485\" data-element_type=\"widget\" data-widget_type=\"text-editor.default\">\n\t\t\t\t<div class=\"elementor-widget-container\">\n\t\t\t\t\t\t\t<p>A Interven\u00e7\u00e3o Assistida por Animais (IAA) \u00e9 uma interven\u00e7\u00e3o com objetivos orientados e estruturados que intencionalmente incorpora animais aos campos da sa\u00fade e educa\u00e7\u00e3o com a finalidade de obter ganhos terap\u00eauticos em humanos.<\/p><p>O animal \u00e9 o agente facilitador desse processo, fazendo com que o assistido se sinta mais seguro e motivado para interagir com o seu interlocutor e com o ambiente.<\/p>\t\t\t\t\t\t<\/div>\n\t\t\t\t<\/div>\n\t\t\t\t<div class=\"elementor-element elementor-element-0ae7d16 elementor-widget elementor-widget-heading\" data-id=\"0ae7d16\" data-element_type=\"widget\" data-widget_type=\"heading.default\">\n\t\t\t\t<div class=\"elementor-widget-container\">\n\t\t\t<h2 class=\"elementor-heading-title elementor-size-default\">As vantagens da IAA<\/h2>\t\t<\/div>\n\t\t\t\t<\/div>\n\t\t\t\t<div class=\"elementor-element elementor-element-e1f4d3d elementor-widget elementor-widget-text-editor\" data-id=\"e1f4d3d\" data-element_type=\"widget\" data-widget_type=\"text-editor.default\">\n\t\t\t\t<div class=\"elementor-widget-container\">\n\t\t\t\t\t\t\t<ul><li>Desenvolve a autoestima e a autoconfian\u00e7a.<\/li><li>Recrea\u00e7\u00e3o, divers\u00e3o e afastamento do isolamento.<\/li><li>Facilita a socializa\u00e7\u00e3o e integra\u00e7\u00e3o.<\/li><li>Oportunidade de comunica\u00e7\u00e3o e sentido de conviv\u00eancia.<\/li><li>Aumento do interesse em participar da terapia.<\/li><li>Desvia a aten\u00e7\u00e3o para um objeto exterior, fora dos problemas.<\/li><\/ul>\t\t\t\t\t\t<\/div>\n\t\t\t\t<\/div>\n\t\t\t\t<div class=\"elementor-element elementor-element-96b08cf elementor-widget elementor-widget-heading\" data-id=\"96b08cf\" data-element_type=\"widget\" data-widget_type=\"heading.default\">\n\t\t\t\t<div class=\"elementor-widget-container\">\n\t\t\t<h2 class=\"elementor-heading-title elementor-size-default\">Consequ\u00eancias da IAA<\/h2>\t\t<\/div>\n\t\t\t\t<\/div>\n\t\t\t\t<div class=\"elementor-element elementor-element-81d76be elementor-widget elementor-widget-text-editor\" data-id=\"81d76be\" data-element_type=\"widget\" data-widget_type=\"text-editor.default\">\n\t\t\t\t<div class=\"elementor-widget-container\">\n\t\t\t\t\t\t\t<ul><li>Exerc\u00edcios e est\u00edmulos variados relativos \u00e0 motricidade.<\/li><li>Estabiliza\u00e7\u00e3o da press\u00e3o arterial e rea\u00e7\u00f5es qu\u00edmicas positivas.<\/li><li>Afastamento do estado de dor.<\/li><li>Encorajamento das fun\u00e7\u00f5es da fala.<\/li><li>Est\u00edmulo \u00e0 mem\u00f3ria.<\/li><li>Diminui\u00e7\u00e3o da depress\u00e3o e medica\u00e7\u00e3o psicotr\u00f3pica e analg\u00e9sica.<\/li><li>Diminui\u00e7\u00e3o de sintomas de ansiedade.<\/li><\/ul>\t\t\t\t\t\t<\/div>\n\t\t\t\t<\/div>\n\t\t\t\t\t<\/div>\n\t\t<\/div>\n\t\t\t\t\t<\/div>\n\t\t<\/section>\n\t\t\t\t<\/div>\n\t\t","protected":false},"excerpt":{"rendered":"<p>O conceito IAA A Interven\u00e7\u00e3o Assistida por Animais (IAA) \u00e9 uma interven\u00e7\u00e3o com objetivos orientados e estruturados que intencionalmente incorpora animais aos campos da sa\u00fade e educa\u00e7\u00e3o com a finalidade &#8230;<\/p>\n","protected":false},"author":1,"featured_media":0,"parent":0,"menu_order":0,"comment_status":"closed","ping_status":"closed","template":"elementor_header_footer","meta":{"footnotes":""},"class_list":["post-12","page","type-page","status-publish","hentry"],"_links":{"self":[{"href":"https:\/\/www.mascotesdaalegria.com.br\/site\/wp-json\/wp\/v2\/pages\/12"}],"collection":[{"href":"https:\/\/www.mascotesdaalegria.com.br\/site\/wp-json\/wp\/v2\/pages"}],"about":[{"href":"https:\/\/www.mascotesdaalegria.com.br\/site\/wp-json\/wp\/v2\/types\/page"}],"author":[{"embeddable":true,"href":"https:\/\/www.mascotesdaalegria.com.br\/site\/wp-json\/wp\/v2\/users\/1"}],"replies":[{"embeddable":true,"href":"https:\/\/www.mascotesdaalegria.com.br\/site\/wp-json\/wp\/v2\/comments?post=12"}],"version-history":[{"count":2,"href":"https:\/\/www.mascotesdaalegria.com.br\/site\/wp-json\/wp\/v2\/pages\/12\/revisions"}],"predecessor-version":[{"id":199,"href":"https:\/\/www.mascotesdaalegria.com.br\/site\/wp-json\/wp\/v2\/pages\/12\/revisions\/199"}],"wp:attachment":[{"href":"https:\/\/www.mascotesdaalegria.com.br\/site\/wp-json\/wp\/v2\/media?parent=12"}],"curies":[{"name":"wp","href":"https:\/\/api.w.org\/{rel}","templated":true}]}}