{"id":14,"date":"2020-07-06T09:43:58","date_gmt":"2020-07-06T12:43:58","guid":{"rendered":"http:\/\/www.mascotesdaalegria.com.br\/site\/?page_id=14"},"modified":"2020-08-06T13:55:58","modified_gmt":"2020-08-06T16:55:58","slug":"eaa","status":"publish","type":"page","link":"https:\/\/www.mascotesdaalegria.com.br\/site\/eaa\/","title":{"rendered":"EAA"},"content":{"rendered":"\t\t<div data-elementor-type=\"wp-page\" data-elementor-id=\"14\" class=\"elementor elementor-14\">\n\t\t\t\t\t\t<section class=\"elementor-section elementor-top-section elementor-element elementor-element-3390f16 elementor-section-full_width elementor-section-height-default elementor-section-height-default\" data-id=\"3390f16\" data-element_type=\"section\" data-settings=\"{&quot;background_background&quot;:&quot;classic&quot;,&quot;_ha_eqh_enable&quot;:false}\">\n\t\t\t\t\t\t<div class=\"elementor-container elementor-column-gap-no\">\n\t\t\t\t\t<div class=\"elementor-column elementor-col-50 elementor-top-column elementor-element elementor-element-77bf20d\" data-id=\"77bf20d\" data-element_type=\"column\">\n\t\t\t<div class=\"elementor-widget-wrap elementor-element-populated\">\n\t\t\t\t\t\t<div class=\"elementor-element elementor-element-c3cfe70 elementor-invisible elementor-widget elementor-widget-image\" data-id=\"c3cfe70\" data-element_type=\"widget\" data-settings=\"{&quot;_animation&quot;:&quot;fadeInUp&quot;}\" data-widget_type=\"image.default\">\n\t\t\t\t<div class=\"elementor-widget-container\">\n\t\t\t\t\t\t\t\t\t\t\t\t\t<img fetchpriority=\"high\" decoding=\"async\" width=\"1200\" height=\"900\" src=\"https:\/\/www.mascotesdaalegria.com.br\/site\/wp-content\/uploads\/2020\/07\/cachorro-1.png\" class=\"attachment-full size-full wp-image-247\" alt=\"\" srcset=\"https:\/\/www.mascotesdaalegria.com.br\/site\/wp-content\/uploads\/2020\/07\/cachorro-1.png 1200w, https:\/\/www.mascotesdaalegria.com.br\/site\/wp-content\/uploads\/2020\/07\/cachorro-1-300x225.png 300w, https:\/\/www.mascotesdaalegria.com.br\/site\/wp-content\/uploads\/2020\/07\/cachorro-1-1024x768.png 1024w, https:\/\/www.mascotesdaalegria.com.br\/site\/wp-content\/uploads\/2020\/07\/cachorro-1-768x576.png 768w\" sizes=\"(max-width: 1200px) 100vw, 1200px\" \/>\t\t\t\t\t\t\t\t\t\t\t\t\t<\/div>\n\t\t\t\t<\/div>\n\t\t\t\t\t<\/div>\n\t\t<\/div>\n\t\t\t\t<div class=\"elementor-column elementor-col-50 elementor-top-column elementor-element elementor-element-1eb5e55\" data-id=\"1eb5e55\" data-element_type=\"column\">\n\t\t\t<div class=\"elementor-widget-wrap elementor-element-populated\">\n\t\t\t\t\t\t<div class=\"elementor-element elementor-element-fc31c44 elementor-widget elementor-widget-heading\" data-id=\"fc31c44\" data-element_type=\"widget\" data-widget_type=\"heading.default\">\n\t\t\t\t<div class=\"elementor-widget-container\">\n\t\t\t<h2 class=\"elementor-heading-title elementor-size-default\">EAA \u2013 EDUCA\u00c7\u00c3O ASSISTIDA POR ANIMAIS<\/h2>\t\t<\/div>\n\t\t\t\t<\/div>\n\t\t\t\t<div class=\"elementor-element elementor-element-c7c1a24 elementor-widget elementor-widget-text-editor\" data-id=\"c7c1a24\" data-element_type=\"widget\" data-widget_type=\"text-editor.default\">\n\t\t\t\t<div class=\"elementor-widget-container\">\n\t\t\t\t\t\t\t<div><p>A Educa\u00e7\u00e3o Assistida por Animais (EAA) caracteriza-se por utilizar animais como mediadores na promo\u00e7\u00e3o de uma estrat\u00e9gia pedag\u00f3gica. Essa pr\u00e1tica pode ser inserida em diversos p\u00fablicos, entre eles, estudantes com necessidades educacionais especiais.\u00a0<\/p><\/div>\t\t\t\t\t\t<\/div>\n\t\t\t\t<\/div>\n\t\t\t\t\t<\/div>\n\t\t<\/div>\n\t\t\t\t\t<\/div>\n\t\t<\/section>\n\t\t\t\t<section class=\"elementor-section elementor-top-section elementor-element elementor-element-402daf0 elementor-section-boxed elementor-section-height-default elementor-section-height-default\" data-id=\"402daf0\" data-element_type=\"section\" data-settings=\"{&quot;background_background&quot;:&quot;classic&quot;,&quot;_ha_eqh_enable&quot;:false}\">\n\t\t\t\t\t\t<div class=\"elementor-container elementor-column-gap-default\">\n\t\t\t\t\t<div class=\"elementor-column elementor-col-100 elementor-top-column elementor-element elementor-element-9c6485b\" data-id=\"9c6485b\" data-element_type=\"column\">\n\t\t\t<div class=\"elementor-widget-wrap elementor-element-populated\">\n\t\t\t\t\t\t<div class=\"elementor-element elementor-element-d772621 gallery-spacing-custom elementor-widget elementor-widget-image-gallery\" data-id=\"d772621\" data-element_type=\"widget\" data-widget_type=\"image-gallery.default\">\n\t\t\t\t<div class=\"elementor-widget-container\">\n\t\t\t\t\t<div class=\"elementor-image-gallery\">\n\t\t\t<div id='gallery-1' class='gallery galleryid-14 gallery-columns-3 gallery-size-large'><figure class='gallery-item'>\n\t\t\t<div class='gallery-icon landscape'>\n\t\t\t\t<a data-elementor-open-lightbox=\"yes\" data-elementor-lightbox-slideshow=\"d772621\" data-elementor-lightbox-title=\"1\" data-e-action-hash=\"#elementor-action%3Aaction%3Dlightbox%26settings%3DeyJpZCI6MjQ4LCJ1cmwiOiJodHRwczpcL1wvd3d3Lm1hc2NvdGVzZGFhbGVncmlhLmNvbS5iclwvc2l0ZVwvd3AtY29udGVudFwvdXBsb2Fkc1wvMjAyMFwvMDdcLzEtMy5qcGciLCJzbGlkZXNob3ciOiJkNzcyNjIxIn0%3D\" href='https:\/\/www.mascotesdaalegria.com.br\/site\/wp-content\/uploads\/2020\/07\/1-3.jpg'><img decoding=\"async\" width=\"800\" height=\"533\" src=\"https:\/\/www.mascotesdaalegria.com.br\/site\/wp-content\/uploads\/2020\/07\/1-3.jpg\" class=\"attachment-large size-large\" alt=\"\" srcset=\"https:\/\/www.mascotesdaalegria.com.br\/site\/wp-content\/uploads\/2020\/07\/1-3.jpg 960w, https:\/\/www.mascotesdaalegria.com.br\/site\/wp-content\/uploads\/2020\/07\/1-3-300x200.jpg 300w, https:\/\/www.mascotesdaalegria.com.br\/site\/wp-content\/uploads\/2020\/07\/1-3-768x512.jpg 768w, https:\/\/www.mascotesdaalegria.com.br\/site\/wp-content\/uploads\/2020\/07\/1-3-391x260.jpg 391w\" sizes=\"(max-width: 800px) 100vw, 800px\" \/><\/a>\n\t\t\t<\/div><\/figure><figure class='gallery-item'>\n\t\t\t<div class='gallery-icon landscape'>\n\t\t\t\t<a data-elementor-open-lightbox=\"yes\" data-elementor-lightbox-slideshow=\"d772621\" data-elementor-lightbox-title=\"2\" data-e-action-hash=\"#elementor-action%3Aaction%3Dlightbox%26settings%3DeyJpZCI6MjQ5LCJ1cmwiOiJodHRwczpcL1wvd3d3Lm1hc2NvdGVzZGFhbGVncmlhLmNvbS5iclwvc2l0ZVwvd3AtY29udGVudFwvdXBsb2Fkc1wvMjAyMFwvMDdcLzItMy5qcGciLCJzbGlkZXNob3ciOiJkNzcyNjIxIn0%3D\" href='https:\/\/www.mascotesdaalegria.com.br\/site\/wp-content\/uploads\/2020\/07\/2-3.jpg'><img decoding=\"async\" width=\"800\" height=\"600\" src=\"https:\/\/www.mascotesdaalegria.com.br\/site\/wp-content\/uploads\/2020\/07\/2-3.jpg\" class=\"attachment-large size-large\" alt=\"\" srcset=\"https:\/\/www.mascotesdaalegria.com.br\/site\/wp-content\/uploads\/2020\/07\/2-3.jpg 960w, https:\/\/www.mascotesdaalegria.com.br\/site\/wp-content\/uploads\/2020\/07\/2-3-300x225.jpg 300w, https:\/\/www.mascotesdaalegria.com.br\/site\/wp-content\/uploads\/2020\/07\/2-3-768x576.jpg 768w\" sizes=\"(max-width: 800px) 100vw, 800px\" \/><\/a>\n\t\t\t<\/div><\/figure><figure class='gallery-item'>\n\t\t\t<div class='gallery-icon landscape'>\n\t\t\t\t<a data-elementor-open-lightbox=\"yes\" data-elementor-lightbox-slideshow=\"d772621\" data-elementor-lightbox-title=\"3\" data-e-action-hash=\"#elementor-action%3Aaction%3Dlightbox%26settings%3DeyJpZCI6MjUwLCJ1cmwiOiJodHRwczpcL1wvd3d3Lm1hc2NvdGVzZGFhbGVncmlhLmNvbS5iclwvc2l0ZVwvd3AtY29udGVudFwvdXBsb2Fkc1wvMjAyMFwvMDdcLzMuanBnIiwic2xpZGVzaG93IjoiZDc3MjYyMSJ9\" href='https:\/\/www.mascotesdaalegria.com.br\/site\/wp-content\/uploads\/2020\/07\/3.jpg'><img loading=\"lazy\" decoding=\"async\" width=\"800\" height=\"600\" src=\"https:\/\/www.mascotesdaalegria.com.br\/site\/wp-content\/uploads\/2020\/07\/3.jpg\" class=\"attachment-large size-large\" alt=\"\" srcset=\"https:\/\/www.mascotesdaalegria.com.br\/site\/wp-content\/uploads\/2020\/07\/3.jpg 960w, https:\/\/www.mascotesdaalegria.com.br\/site\/wp-content\/uploads\/2020\/07\/3-300x225.jpg 300w, https:\/\/www.mascotesdaalegria.com.br\/site\/wp-content\/uploads\/2020\/07\/3-768x576.jpg 768w\" sizes=\"(max-width: 800px) 100vw, 800px\" \/><\/a>\n\t\t\t<\/div><\/figure><figure class='gallery-item'>\n\t\t\t<div class='gallery-icon landscape'>\n\t\t\t\t<a data-elementor-open-lightbox=\"yes\" data-elementor-lightbox-slideshow=\"d772621\" data-elementor-lightbox-title=\"4\" data-e-action-hash=\"#elementor-action%3Aaction%3Dlightbox%26settings%3DeyJpZCI6MjUxLCJ1cmwiOiJodHRwczpcL1wvd3d3Lm1hc2NvdGVzZGFhbGVncmlhLmNvbS5iclwvc2l0ZVwvd3AtY29udGVudFwvdXBsb2Fkc1wvMjAyMFwvMDdcLzQuanBnIiwic2xpZGVzaG93IjoiZDc3MjYyMSJ9\" href='https:\/\/www.mascotesdaalegria.com.br\/site\/wp-content\/uploads\/2020\/07\/4.jpg'><img loading=\"lazy\" decoding=\"async\" width=\"800\" height=\"533\" src=\"https:\/\/www.mascotesdaalegria.com.br\/site\/wp-content\/uploads\/2020\/07\/4.jpg\" class=\"attachment-large size-large\" alt=\"\" srcset=\"https:\/\/www.mascotesdaalegria.com.br\/site\/wp-content\/uploads\/2020\/07\/4.jpg 960w, https:\/\/www.mascotesdaalegria.com.br\/site\/wp-content\/uploads\/2020\/07\/4-300x200.jpg 300w, https:\/\/www.mascotesdaalegria.com.br\/site\/wp-content\/uploads\/2020\/07\/4-768x512.jpg 768w, https:\/\/www.mascotesdaalegria.com.br\/site\/wp-content\/uploads\/2020\/07\/4-391x260.jpg 391w\" sizes=\"(max-width: 800px) 100vw, 800px\" \/><\/a>\n\t\t\t<\/div><\/figure><figure class='gallery-item'>\n\t\t\t<div class='gallery-icon landscape'>\n\t\t\t\t<a data-elementor-open-lightbox=\"yes\" data-elementor-lightbox-slideshow=\"d772621\" data-elementor-lightbox-title=\"5\" data-e-action-hash=\"#elementor-action%3Aaction%3Dlightbox%26settings%3DeyJpZCI6MjUyLCJ1cmwiOiJodHRwczpcL1wvd3d3Lm1hc2NvdGVzZGFhbGVncmlhLmNvbS5iclwvc2l0ZVwvd3AtY29udGVudFwvdXBsb2Fkc1wvMjAyMFwvMDdcLzUuanBnIiwic2xpZGVzaG93IjoiZDc3MjYyMSJ9\" href='https:\/\/www.mascotesdaalegria.com.br\/site\/wp-content\/uploads\/2020\/07\/5.jpg'><img loading=\"lazy\" decoding=\"async\" width=\"800\" height=\"533\" src=\"https:\/\/www.mascotesdaalegria.com.br\/site\/wp-content\/uploads\/2020\/07\/5.jpg\" class=\"attachment-large size-large\" alt=\"\" srcset=\"https:\/\/www.mascotesdaalegria.com.br\/site\/wp-content\/uploads\/2020\/07\/5.jpg 960w, https:\/\/www.mascotesdaalegria.com.br\/site\/wp-content\/uploads\/2020\/07\/5-300x200.jpg 300w, https:\/\/www.mascotesdaalegria.com.br\/site\/wp-content\/uploads\/2020\/07\/5-768x512.jpg 768w, https:\/\/www.mascotesdaalegria.com.br\/site\/wp-content\/uploads\/2020\/07\/5-391x260.jpg 391w\" sizes=\"(max-width: 800px) 100vw, 800px\" \/><\/a>\n\t\t\t<\/div><\/figure><figure class='gallery-item'>\n\t\t\t<div class='gallery-icon landscape'>\n\t\t\t\t<a data-elementor-open-lightbox=\"yes\" data-elementor-lightbox-slideshow=\"d772621\" data-elementor-lightbox-title=\"6\" data-e-action-hash=\"#elementor-action%3Aaction%3Dlightbox%26settings%3DeyJpZCI6MjUzLCJ1cmwiOiJodHRwczpcL1wvd3d3Lm1hc2NvdGVzZGFhbGVncmlhLmNvbS5iclwvc2l0ZVwvd3AtY29udGVudFwvdXBsb2Fkc1wvMjAyMFwvMDdcLzYuanBnIiwic2xpZGVzaG93IjoiZDc3MjYyMSJ9\" href='https:\/\/www.mascotesdaalegria.com.br\/site\/wp-content\/uploads\/2020\/07\/6.jpg'><img loading=\"lazy\" decoding=\"async\" width=\"800\" height=\"533\" src=\"https:\/\/www.mascotesdaalegria.com.br\/site\/wp-content\/uploads\/2020\/07\/6.jpg\" class=\"attachment-large size-large\" alt=\"\" srcset=\"https:\/\/www.mascotesdaalegria.com.br\/site\/wp-content\/uploads\/2020\/07\/6.jpg 960w, https:\/\/www.mascotesdaalegria.com.br\/site\/wp-content\/uploads\/2020\/07\/6-300x200.jpg 300w, https:\/\/www.mascotesdaalegria.com.br\/site\/wp-content\/uploads\/2020\/07\/6-768x512.jpg 768w, https:\/\/www.mascotesdaalegria.com.br\/site\/wp-content\/uploads\/2020\/07\/6-391x260.jpg 391w\" sizes=\"(max-width: 800px) 100vw, 800px\" \/><\/a>\n\t\t\t<\/div><\/figure><figure class='gallery-item'>\n\t\t\t<div class='gallery-icon landscape'>\n\t\t\t\t<a data-elementor-open-lightbox=\"yes\" data-elementor-lightbox-slideshow=\"d772621\" data-elementor-lightbox-title=\"7\" data-e-action-hash=\"#elementor-action%3Aaction%3Dlightbox%26settings%3DeyJpZCI6MjU0LCJ1cmwiOiJodHRwczpcL1wvd3d3Lm1hc2NvdGVzZGFhbGVncmlhLmNvbS5iclwvc2l0ZVwvd3AtY29udGVudFwvdXBsb2Fkc1wvMjAyMFwvMDdcLzcuanBnIiwic2xpZGVzaG93IjoiZDc3MjYyMSJ9\" href='https:\/\/www.mascotesdaalegria.com.br\/site\/wp-content\/uploads\/2020\/07\/7.jpg'><img loading=\"lazy\" decoding=\"async\" width=\"800\" height=\"533\" src=\"https:\/\/www.mascotesdaalegria.com.br\/site\/wp-content\/uploads\/2020\/07\/7.jpg\" class=\"attachment-large size-large\" alt=\"\" srcset=\"https:\/\/www.mascotesdaalegria.com.br\/site\/wp-content\/uploads\/2020\/07\/7.jpg 960w, https:\/\/www.mascotesdaalegria.com.br\/site\/wp-content\/uploads\/2020\/07\/7-300x200.jpg 300w, https:\/\/www.mascotesdaalegria.com.br\/site\/wp-content\/uploads\/2020\/07\/7-768x512.jpg 768w, https:\/\/www.mascotesdaalegria.com.br\/site\/wp-content\/uploads\/2020\/07\/7-391x260.jpg 391w\" sizes=\"(max-width: 800px) 100vw, 800px\" \/><\/a>\n\t\t\t<\/div><\/figure><figure class='gallery-item'>\n\t\t\t<div class='gallery-icon landscape'>\n\t\t\t\t<a data-elementor-open-lightbox=\"yes\" data-elementor-lightbox-slideshow=\"d772621\" data-elementor-lightbox-title=\"8\" data-e-action-hash=\"#elementor-action%3Aaction%3Dlightbox%26settings%3DeyJpZCI6MjU1LCJ1cmwiOiJodHRwczpcL1wvd3d3Lm1hc2NvdGVzZGFhbGVncmlhLmNvbS5iclwvc2l0ZVwvd3AtY29udGVudFwvdXBsb2Fkc1wvMjAyMFwvMDdcLzguanBnIiwic2xpZGVzaG93IjoiZDc3MjYyMSJ9\" href='https:\/\/www.mascotesdaalegria.com.br\/site\/wp-content\/uploads\/2020\/07\/8.jpg'><img loading=\"lazy\" decoding=\"async\" width=\"800\" height=\"533\" src=\"https:\/\/www.mascotesdaalegria.com.br\/site\/wp-content\/uploads\/2020\/07\/8.jpg\" class=\"attachment-large size-large\" alt=\"\" srcset=\"https:\/\/www.mascotesdaalegria.com.br\/site\/wp-content\/uploads\/2020\/07\/8.jpg 960w, https:\/\/www.mascotesdaalegria.com.br\/site\/wp-content\/uploads\/2020\/07\/8-300x200.jpg 300w, https:\/\/www.mascotesdaalegria.com.br\/site\/wp-content\/uploads\/2020\/07\/8-768x512.jpg 768w, https:\/\/www.mascotesdaalegria.com.br\/site\/wp-content\/uploads\/2020\/07\/8-391x260.jpg 391w\" sizes=\"(max-width: 800px) 100vw, 800px\" \/><\/a>\n\t\t\t<\/div><\/figure><figure class='gallery-item'>\n\t\t\t<div class='gallery-icon landscape'>\n\t\t\t\t<a data-elementor-open-lightbox=\"yes\" data-elementor-lightbox-slideshow=\"d772621\" data-elementor-lightbox-title=\"9\" data-e-action-hash=\"#elementor-action%3Aaction%3Dlightbox%26settings%3DeyJpZCI6MjU2LCJ1cmwiOiJodHRwczpcL1wvd3d3Lm1hc2NvdGVzZGFhbGVncmlhLmNvbS5iclwvc2l0ZVwvd3AtY29udGVudFwvdXBsb2Fkc1wvMjAyMFwvMDdcLzkuanBnIiwic2xpZGVzaG93IjoiZDc3MjYyMSJ9\" href='https:\/\/www.mascotesdaalegria.com.br\/site\/wp-content\/uploads\/2020\/07\/9.jpg'><img loading=\"lazy\" decoding=\"async\" width=\"800\" height=\"533\" src=\"https:\/\/www.mascotesdaalegria.com.br\/site\/wp-content\/uploads\/2020\/07\/9.jpg\" class=\"attachment-large size-large\" alt=\"\" srcset=\"https:\/\/www.mascotesdaalegria.com.br\/site\/wp-content\/uploads\/2020\/07\/9.jpg 960w, https:\/\/www.mascotesdaalegria.com.br\/site\/wp-content\/uploads\/2020\/07\/9-300x200.jpg 300w, https:\/\/www.mascotesdaalegria.com.br\/site\/wp-content\/uploads\/2020\/07\/9-768x512.jpg 768w, https:\/\/www.mascotesdaalegria.com.br\/site\/wp-content\/uploads\/2020\/07\/9-391x260.jpg 391w\" sizes=\"(max-width: 800px) 100vw, 800px\" \/><\/a>\n\t\t\t<\/div><\/figure><figure class='gallery-item'>\n\t\t\t<div class='gallery-icon landscape'>\n\t\t\t\t<a data-elementor-open-lightbox=\"yes\" data-elementor-lightbox-slideshow=\"d772621\" data-elementor-lightbox-title=\"10\" data-e-action-hash=\"#elementor-action%3Aaction%3Dlightbox%26settings%3DeyJpZCI6MjU3LCJ1cmwiOiJodHRwczpcL1wvd3d3Lm1hc2NvdGVzZGFhbGVncmlhLmNvbS5iclwvc2l0ZVwvd3AtY29udGVudFwvdXBsb2Fkc1wvMjAyMFwvMDdcLzEwLmpwZyIsInNsaWRlc2hvdyI6ImQ3NzI2MjEifQ%3D%3D\" href='https:\/\/www.mascotesdaalegria.com.br\/site\/wp-content\/uploads\/2020\/07\/10.jpg'><img loading=\"lazy\" decoding=\"async\" width=\"800\" height=\"533\" src=\"https:\/\/www.mascotesdaalegria.com.br\/site\/wp-content\/uploads\/2020\/07\/10.jpg\" class=\"attachment-large size-large\" alt=\"\" srcset=\"https:\/\/www.mascotesdaalegria.com.br\/site\/wp-content\/uploads\/2020\/07\/10.jpg 960w, https:\/\/www.mascotesdaalegria.com.br\/site\/wp-content\/uploads\/2020\/07\/10-300x200.jpg 300w, https:\/\/www.mascotesdaalegria.com.br\/site\/wp-content\/uploads\/2020\/07\/10-768x512.jpg 768w, https:\/\/www.mascotesdaalegria.com.br\/site\/wp-content\/uploads\/2020\/07\/10-391x260.jpg 391w\" sizes=\"(max-width: 800px) 100vw, 800px\" \/><\/a>\n\t\t\t<\/div><\/figure><figure class='gallery-item'>\n\t\t\t<div class='gallery-icon landscape'>\n\t\t\t\t<a data-elementor-open-lightbox=\"yes\" data-elementor-lightbox-slideshow=\"d772621\" data-elementor-lightbox-title=\"11\" data-e-action-hash=\"#elementor-action%3Aaction%3Dlightbox%26settings%3DeyJpZCI6MjU4LCJ1cmwiOiJodHRwczpcL1wvd3d3Lm1hc2NvdGVzZGFhbGVncmlhLmNvbS5iclwvc2l0ZVwvd3AtY29udGVudFwvdXBsb2Fkc1wvMjAyMFwvMDdcLzExLmpwZyIsInNsaWRlc2hvdyI6ImQ3NzI2MjEifQ%3D%3D\" href='https:\/\/www.mascotesdaalegria.com.br\/site\/wp-content\/uploads\/2020\/07\/11.jpg'><img loading=\"lazy\" decoding=\"async\" width=\"800\" height=\"533\" src=\"https:\/\/www.mascotesdaalegria.com.br\/site\/wp-content\/uploads\/2020\/07\/11.jpg\" class=\"attachment-large size-large\" alt=\"\" srcset=\"https:\/\/www.mascotesdaalegria.com.br\/site\/wp-content\/uploads\/2020\/07\/11.jpg 960w, https:\/\/www.mascotesdaalegria.com.br\/site\/wp-content\/uploads\/2020\/07\/11-300x200.jpg 300w, https:\/\/www.mascotesdaalegria.com.br\/site\/wp-content\/uploads\/2020\/07\/11-768x512.jpg 768w, https:\/\/www.mascotesdaalegria.com.br\/site\/wp-content\/uploads\/2020\/07\/11-391x260.jpg 391w\" sizes=\"(max-width: 800px) 100vw, 800px\" \/><\/a>\n\t\t\t<\/div><\/figure><figure class='gallery-item'>\n\t\t\t<div class='gallery-icon landscape'>\n\t\t\t\t<a data-elementor-open-lightbox=\"yes\" data-elementor-lightbox-slideshow=\"d772621\" data-elementor-lightbox-title=\"12\" data-e-action-hash=\"#elementor-action%3Aaction%3Dlightbox%26settings%3DeyJpZCI6MjU5LCJ1cmwiOiJodHRwczpcL1wvd3d3Lm1hc2NvdGVzZGFhbGVncmlhLmNvbS5iclwvc2l0ZVwvd3AtY29udGVudFwvdXBsb2Fkc1wvMjAyMFwvMDdcLzEyLmpwZyIsInNsaWRlc2hvdyI6ImQ3NzI2MjEifQ%3D%3D\" href='https:\/\/www.mascotesdaalegria.com.br\/site\/wp-content\/uploads\/2020\/07\/12.jpg'><img loading=\"lazy\" decoding=\"async\" width=\"800\" height=\"533\" src=\"https:\/\/www.mascotesdaalegria.com.br\/site\/wp-content\/uploads\/2020\/07\/12.jpg\" class=\"attachment-large size-large\" alt=\"\" srcset=\"https:\/\/www.mascotesdaalegria.com.br\/site\/wp-content\/uploads\/2020\/07\/12.jpg 960w, https:\/\/www.mascotesdaalegria.com.br\/site\/wp-content\/uploads\/2020\/07\/12-300x200.jpg 300w, https:\/\/www.mascotesdaalegria.com.br\/site\/wp-content\/uploads\/2020\/07\/12-768x512.jpg 768w, https:\/\/www.mascotesdaalegria.com.br\/site\/wp-content\/uploads\/2020\/07\/12-391x260.jpg 391w\" sizes=\"(max-width: 800px) 100vw, 800px\" \/><\/a>\n\t\t\t<\/div><\/figure><figure class='gallery-item'>\n\t\t\t<div class='gallery-icon landscape'>\n\t\t\t\t<a data-elementor-open-lightbox=\"yes\" data-elementor-lightbox-slideshow=\"d772621\" data-elementor-lightbox-title=\"13\" data-e-action-hash=\"#elementor-action%3Aaction%3Dlightbox%26settings%3DeyJpZCI6MjYwLCJ1cmwiOiJodHRwczpcL1wvd3d3Lm1hc2NvdGVzZGFhbGVncmlhLmNvbS5iclwvc2l0ZVwvd3AtY29udGVudFwvdXBsb2Fkc1wvMjAyMFwvMDdcLzEzLmpwZyIsInNsaWRlc2hvdyI6ImQ3NzI2MjEifQ%3D%3D\" href='https:\/\/www.mascotesdaalegria.com.br\/site\/wp-content\/uploads\/2020\/07\/13.jpg'><img loading=\"lazy\" decoding=\"async\" width=\"800\" height=\"533\" src=\"https:\/\/www.mascotesdaalegria.com.br\/site\/wp-content\/uploads\/2020\/07\/13.jpg\" class=\"attachment-large size-large\" alt=\"\" srcset=\"https:\/\/www.mascotesdaalegria.com.br\/site\/wp-content\/uploads\/2020\/07\/13.jpg 960w, https:\/\/www.mascotesdaalegria.com.br\/site\/wp-content\/uploads\/2020\/07\/13-300x200.jpg 300w, https:\/\/www.mascotesdaalegria.com.br\/site\/wp-content\/uploads\/2020\/07\/13-768x512.jpg 768w, https:\/\/www.mascotesdaalegria.com.br\/site\/wp-content\/uploads\/2020\/07\/13-391x260.jpg 391w\" sizes=\"(max-width: 800px) 100vw, 800px\" \/><\/a>\n\t\t\t<\/div><\/figure><figure class='gallery-item'>\n\t\t\t<div class='gallery-icon landscape'>\n\t\t\t\t<a data-elementor-open-lightbox=\"yes\" data-elementor-lightbox-slideshow=\"d772621\" data-elementor-lightbox-title=\"14\" data-e-action-hash=\"#elementor-action%3Aaction%3Dlightbox%26settings%3DeyJpZCI6MjYxLCJ1cmwiOiJodHRwczpcL1wvd3d3Lm1hc2NvdGVzZGFhbGVncmlhLmNvbS5iclwvc2l0ZVwvd3AtY29udGVudFwvdXBsb2Fkc1wvMjAyMFwvMDdcLzE0LmpwZyIsInNsaWRlc2hvdyI6ImQ3NzI2MjEifQ%3D%3D\" href='https:\/\/www.mascotesdaalegria.com.br\/site\/wp-content\/uploads\/2020\/07\/14.jpg'><img loading=\"lazy\" decoding=\"async\" width=\"800\" height=\"533\" src=\"https:\/\/www.mascotesdaalegria.com.br\/site\/wp-content\/uploads\/2020\/07\/14.jpg\" class=\"attachment-large size-large\" alt=\"\" srcset=\"https:\/\/www.mascotesdaalegria.com.br\/site\/wp-content\/uploads\/2020\/07\/14.jpg 960w, https:\/\/www.mascotesdaalegria.com.br\/site\/wp-content\/uploads\/2020\/07\/14-300x200.jpg 300w, https:\/\/www.mascotesdaalegria.com.br\/site\/wp-content\/uploads\/2020\/07\/14-768x512.jpg 768w, https:\/\/www.mascotesdaalegria.com.br\/site\/wp-content\/uploads\/2020\/07\/14-391x260.jpg 391w\" sizes=\"(max-width: 800px) 100vw, 800px\" \/><\/a>\n\t\t\t<\/div><\/figure><figure class='gallery-item'>\n\t\t\t<div class='gallery-icon landscape'>\n\t\t\t\t<a data-elementor-open-lightbox=\"yes\" data-elementor-lightbox-slideshow=\"d772621\" data-elementor-lightbox-title=\"15\" data-e-action-hash=\"#elementor-action%3Aaction%3Dlightbox%26settings%3DeyJpZCI6MjYyLCJ1cmwiOiJodHRwczpcL1wvd3d3Lm1hc2NvdGVzZGFhbGVncmlhLmNvbS5iclwvc2l0ZVwvd3AtY29udGVudFwvdXBsb2Fkc1wvMjAyMFwvMDdcLzE1LmpwZyIsInNsaWRlc2hvdyI6ImQ3NzI2MjEifQ%3D%3D\" href='https:\/\/www.mascotesdaalegria.com.br\/site\/wp-content\/uploads\/2020\/07\/15.jpg'><img loading=\"lazy\" decoding=\"async\" width=\"800\" height=\"533\" src=\"https:\/\/www.mascotesdaalegria.com.br\/site\/wp-content\/uploads\/2020\/07\/15.jpg\" class=\"attachment-large size-large\" alt=\"\" srcset=\"https:\/\/www.mascotesdaalegria.com.br\/site\/wp-content\/uploads\/2020\/07\/15.jpg 960w, https:\/\/www.mascotesdaalegria.com.br\/site\/wp-content\/uploads\/2020\/07\/15-300x200.jpg 300w, https:\/\/www.mascotesdaalegria.com.br\/site\/wp-content\/uploads\/2020\/07\/15-768x512.jpg 768w, https:\/\/www.mascotesdaalegria.com.br\/site\/wp-content\/uploads\/2020\/07\/15-391x260.jpg 391w\" sizes=\"(max-width: 800px) 100vw, 800px\" \/><\/a>\n\t\t\t<\/div><\/figure>\n\t\t<\/div>\n\t\t<\/div>\n\t\t\t\t<\/div>\n\t\t\t\t<\/div>\n\t\t\t\t\t<\/div>\n\t\t<\/div>\n\t\t\t\t\t<\/div>\n\t\t<\/section>\n\t\t\t\t<\/div>\n\t\t","protected":false},"excerpt":{"rendered":"<p>EAA \u2013 EDUCA\u00c7\u00c3O ASSISTIDA POR ANIMAIS A Educa\u00e7\u00e3o Assistida por Animais (EAA) caracteriza-se por utilizar animais como mediadores na promo\u00e7\u00e3o de uma estrat\u00e9gia pedag\u00f3gica. Essa pr\u00e1tica pode ser inserida em &#8230;<\/p>\n","protected":false},"author":1,"featured_media":0,"parent":0,"menu_order":0,"comment_status":"closed","ping_status":"closed","template":"elementor_header_footer","meta":{"footnotes":""},"class_list":["post-14","page","type-page","status-publish","hentry"],"_links":{"self":[{"href":"https:\/\/www.mascotesdaalegria.com.br\/site\/wp-json\/wp\/v2\/pages\/14"}],"collection":[{"href":"https:\/\/www.mascotesdaalegria.com.br\/site\/wp-json\/wp\/v2\/pages"}],"about":[{"href":"https:\/\/www.mascotesdaalegria.com.br\/site\/wp-json\/wp\/v2\/types\/page"}],"author":[{"embeddable":true,"href":"https:\/\/www.mascotesdaalegria.com.br\/site\/wp-json\/wp\/v2\/users\/1"}],"replies":[{"embeddable":true,"href":"https:\/\/www.mascotesdaalegria.com.br\/site\/wp-json\/wp\/v2\/comments?post=14"}],"version-history":[{"count":8,"href":"https:\/\/www.mascotesdaalegria.com.br\/site\/wp-json\/wp\/v2\/pages\/14\/revisions"}],"predecessor-version":[{"id":275,"href":"https:\/\/www.mascotesdaalegria.com.br\/site\/wp-json\/wp\/v2\/pages\/14\/revisions\/275"}],"wp:attachment":[{"href":"https:\/\/www.mascotesdaalegria.com.br\/site\/wp-json\/wp\/v2\/media?parent=14"}],"curies":[{"name":"wp","href":"https:\/\/api.w.org\/{rel}","templated":true}]}}