{"id":16,"date":"2020-07-06T09:44:17","date_gmt":"2020-07-06T12:44:17","guid":{"rendered":"http:\/\/www.mascotesdaalegria.com.br\/site\/?page_id=16"},"modified":"2020-07-08T15:15:55","modified_gmt":"2020-07-08T18:15:55","slug":"taa","status":"publish","type":"page","link":"https:\/\/www.mascotesdaalegria.com.br\/site\/taa\/","title":{"rendered":"TAA"},"content":{"rendered":"\t\t<div data-elementor-type=\"wp-page\" data-elementor-id=\"16\" class=\"elementor elementor-16\">\n\t\t\t\t\t\t<section class=\"elementor-section elementor-top-section elementor-element elementor-element-2b1a47a elementor-section-full_width elementor-section-height-default elementor-section-height-default\" data-id=\"2b1a47a\" data-element_type=\"section\" data-settings=\"{&quot;background_background&quot;:&quot;classic&quot;,&quot;_ha_eqh_enable&quot;:false}\">\n\t\t\t\t\t\t<div class=\"elementor-container elementor-column-gap-no\">\n\t\t\t\t\t<div class=\"elementor-column elementor-col-50 elementor-top-column elementor-element elementor-element-aaa0015\" data-id=\"aaa0015\" data-element_type=\"column\">\n\t\t\t<div class=\"elementor-widget-wrap elementor-element-populated\">\n\t\t\t\t\t\t<div class=\"elementor-element elementor-element-bd588e7 elementor-widget elementor-widget-image\" data-id=\"bd588e7\" data-element_type=\"widget\" data-widget_type=\"image.default\">\n\t\t\t\t<div class=\"elementor-widget-container\">\n\t\t\t\t\t\t\t\t\t\t\t\t\t<img fetchpriority=\"high\" decoding=\"async\" width=\"600\" height=\"1000\" src=\"https:\/\/www.mascotesdaalegria.com.br\/site\/wp-content\/uploads\/2020\/07\/vc.gif\" class=\"attachment-large size-large wp-image-202\" alt=\"\" \/>\t\t\t\t\t\t\t\t\t\t\t\t\t<\/div>\n\t\t\t\t<\/div>\n\t\t\t\t\t<\/div>\n\t\t<\/div>\n\t\t\t\t<div class=\"elementor-column elementor-col-50 elementor-top-column elementor-element elementor-element-f2110bc\" data-id=\"f2110bc\" data-element_type=\"column\">\n\t\t\t<div class=\"elementor-widget-wrap elementor-element-populated\">\n\t\t\t\t\t\t<div class=\"elementor-element elementor-element-0efc0e8 elementor-widget elementor-widget-heading\" data-id=\"0efc0e8\" data-element_type=\"widget\" data-widget_type=\"heading.default\">\n\t\t\t\t<div class=\"elementor-widget-container\">\n\t\t\t<h2 class=\"elementor-heading-title elementor-size-default\">O Que \u00c9 TAA?<\/h2>\t\t<\/div>\n\t\t\t\t<\/div>\n\t\t\t\t<div class=\"elementor-element elementor-element-f489961 elementor-widget elementor-widget-text-editor\" data-id=\"f489961\" data-element_type=\"widget\" data-widget_type=\"text-editor.default\">\n\t\t\t\t<div class=\"elementor-widget-container\">\n\t\t\t\t\t\t\t<p>A Terapia Assistida por Animais \u00e9 uma interven\u00e7\u00e3o direcionada na qual um animal devidamente treinado e que atenda aos crit\u00e9rios necess\u00e1rios, sob a supervis\u00e3o de pro\ufb01ssionais da sa\u00fade devidamente habilitados e capacitados se torna parte integrante do processo de tratamento, (CIVITA, 2008). O uso de animais possibilita aos pro\ufb01ssionais de sa\u00fade e educa\u00e7\u00e3o novas perspectivas em termos de recursos auxiliares, obtendo sucesso at\u00e9 nos casos onde m\u00e9todos tradicionais falharam (FL\u00d4RES, 2009). A TAA \u00e9 direcionada para promover sa\u00fade f\u00edsica, social, emocional e\/ou fun\u00e7\u00f5es cognitiva do ser humano, podendo-se dessa forma mensurar resultados obtidos, construindo la\u00e7os de extrema afetividade entre crian\u00e7a e animal, com o intuito de minimizar sentimentos de solid\u00e3o e isolamento, sentimentos esses re\ufb02exos da moderniza\u00e7\u00e3o da sociedade atual. (RIBEIRO, 2010; MEDEIROS, 2008).<br \/>ATIVIDADE ASSISTIDA POR ANIMAIS A Atividade assistida por animais envolve a visita\u00e7\u00e3o, recrea\u00e7\u00e3o e distra\u00e7\u00e3o por meio do contato de animais com pessoas (DOTTI, 2005). Os resultados observados por SILVA (2009) em seu trabalho com idosos demonstram a possibilidade de incremento da qualidade de vida f\u00edsica e emocional atrav\u00e9s da pr\u00e1tica de AAA.<br \/>EDUCA\u00c7\u00c3O ASSISTIDA POR ANIMAIS \u00c9 uma a\u00e7\u00e3o pedag\u00f3gica ampla que envolve a utiliza\u00e7\u00e3o de animais em todo o cen\u00e1rio educacional e com diversos p\u00fablicos. Ela pode utilizar c\u00e3es, cavalos e outros animais nos atendimentos de crian\u00e7as com ou sem necessidades especiais, na pedagogia hospitalar ou na andragogia.<\/p>\t\t\t\t\t\t<\/div>\n\t\t\t\t<\/div>\n\t\t\t\t\t<\/div>\n\t\t<\/div>\n\t\t\t\t\t<\/div>\n\t\t<\/section>\n\t\t\t\t<\/div>\n\t\t","protected":false},"excerpt":{"rendered":"<p>O Que \u00c9 TAA? A Terapia Assistida por Animais \u00e9 uma interven\u00e7\u00e3o direcionada na qual um animal devidamente treinado e que atenda aos crit\u00e9rios necess\u00e1rios, sob a supervis\u00e3o de pro\ufb01ssionais &#8230;<\/p>\n","protected":false},"author":1,"featured_media":0,"parent":0,"menu_order":0,"comment_status":"closed","ping_status":"closed","template":"elementor_header_footer","meta":{"footnotes":""},"class_list":["post-16","page","type-page","status-publish","hentry"],"_links":{"self":[{"href":"https:\/\/www.mascotesdaalegria.com.br\/site\/wp-json\/wp\/v2\/pages\/16"}],"collection":[{"href":"https:\/\/www.mascotesdaalegria.com.br\/site\/wp-json\/wp\/v2\/pages"}],"about":[{"href":"https:\/\/www.mascotesdaalegria.com.br\/site\/wp-json\/wp\/v2\/types\/page"}],"author":[{"embeddable":true,"href":"https:\/\/www.mascotesdaalegria.com.br\/site\/wp-json\/wp\/v2\/users\/1"}],"replies":[{"embeddable":true,"href":"https:\/\/www.mascotesdaalegria.com.br\/site\/wp-json\/wp\/v2\/comments?post=16"}],"version-history":[{"count":2,"href":"https:\/\/www.mascotesdaalegria.com.br\/site\/wp-json\/wp\/v2\/pages\/16\/revisions"}],"predecessor-version":[{"id":203,"href":"https:\/\/www.mascotesdaalegria.com.br\/site\/wp-json\/wp\/v2\/pages\/16\/revisions\/203"}],"wp:attachment":[{"href":"https:\/\/www.mascotesdaalegria.com.br\/site\/wp-json\/wp\/v2\/media?parent=16"}],"curies":[{"name":"wp","href":"https:\/\/api.w.org\/{rel}","templated":true}]}}