{"id":59,"date":"2020-07-06T10:01:10","date_gmt":"2020-07-06T13:01:10","guid":{"rendered":"http:\/\/www.mascotesdaalegria.com.br\/site\/?page_id=59"},"modified":"2020-07-07T08:58:28","modified_gmt":"2020-07-07T11:58:28","slug":"quem-somos","status":"publish","type":"page","link":"https:\/\/www.mascotesdaalegria.com.br\/site\/quem-somos\/","title":{"rendered":"QUEM SOMOS"},"content":{"rendered":"\t\t<div data-elementor-type=\"wp-page\" data-elementor-id=\"59\" class=\"elementor elementor-59\">\n\t\t\t\t\t\t<section class=\"elementor-section elementor-top-section elementor-element elementor-element-7c4137b elementor-section-boxed elementor-section-height-default elementor-section-height-default\" data-id=\"7c4137b\" data-element_type=\"section\" data-settings=\"{&quot;background_background&quot;:&quot;classic&quot;,&quot;_ha_eqh_enable&quot;:false}\">\n\t\t\t\t\t\t<div class=\"elementor-container elementor-column-gap-default\">\n\t\t\t\t\t<div class=\"elementor-column elementor-col-50 elementor-top-column elementor-element elementor-element-4cc20ad\" data-id=\"4cc20ad\" data-element_type=\"column\">\n\t\t\t<div class=\"elementor-widget-wrap elementor-element-populated\">\n\t\t\t\t\t\t<div class=\"elementor-element elementor-element-420c04e elementor-widget elementor-widget-heading\" data-id=\"420c04e\" data-element_type=\"widget\" data-widget_type=\"heading.default\">\n\t\t\t\t<div class=\"elementor-widget-container\">\n\t\t\t<h2 class=\"elementor-heading-title elementor-size-default\">Quem Somos<\/h2>\t\t<\/div>\n\t\t\t\t<\/div>\n\t\t\t\t<div class=\"elementor-element elementor-element-fc76454 elementor-widget elementor-widget-heading\" data-id=\"fc76454\" data-element_type=\"widget\" data-widget_type=\"heading.default\">\n\t\t\t\t<div class=\"elementor-widget-container\">\n\t\t\t<h2 class=\"elementor-heading-title elementor-size-default\">Sobre<\/h2>\t\t<\/div>\n\t\t\t\t<\/div>\n\t\t\t\t<div class=\"elementor-element elementor-element-2af923d elementor-widget elementor-widget-text-editor\" data-id=\"2af923d\" data-element_type=\"widget\" data-widget_type=\"text-editor.default\">\n\t\t\t\t<div class=\"elementor-widget-container\">\n\t\t\t\t\t\t\t<div class=\"_4bl9\"><div class=\"_3-8w\">\u00a0 \u00a0 \u00a0Mascotes da Alegria \u00e9 um grupo de estudos e de propaga\u00e7\u00e3o dos benef\u00edcios da rela\u00e7\u00e3o homem-animal cadastrado no setor de pesquisa e extens\u00e3o do Cescage.<\/div><\/div>\t\t\t\t\t\t<\/div>\n\t\t\t\t<\/div>\n\t\t\t\t<div class=\"elementor-element elementor-element-6db92b7 elementor-widget elementor-widget-heading\" data-id=\"6db92b7\" data-element_type=\"widget\" data-widget_type=\"heading.default\">\n\t\t\t\t<div class=\"elementor-widget-container\">\n\t\t\t<h2 class=\"elementor-heading-title elementor-size-default\">Miss\u00e3o<\/h2>\t\t<\/div>\n\t\t\t\t<\/div>\n\t\t\t\t<div class=\"elementor-element elementor-element-6589233 elementor-widget elementor-widget-text-editor\" data-id=\"6589233\" data-element_type=\"widget\" data-widget_type=\"text-editor.default\">\n\t\t\t\t<div class=\"elementor-widget-container\">\n\t\t\t\t\t\t\t<div class=\"_50f4\">\u00a0 \u00a0 \u00a0O objetivo \u00e9 despertar nas crian\u00e7as uma maior motiva\u00e7\u00e3o aos estudos, leitura e nos assuntos relacionados ao meio ambiente e posse respons\u00e1vel. Al\u00e9m de proporcio<span class=\"text_exposed_show\">nar aos alunos de gradua\u00e7\u00e3o uma oportunidade de aplicar de forma l\u00fadica seus conhecimentos absorvidos em aula, que seria uma alternativa eficaz e criativa de aprendizagem.<\/span><\/div>\t\t\t\t\t\t<\/div>\n\t\t\t\t<\/div>\n\t\t\t\t<div class=\"elementor-element elementor-element-36abe1d elementor-widget elementor-widget-heading\" data-id=\"36abe1d\" data-element_type=\"widget\" data-widget_type=\"heading.default\">\n\t\t\t\t<div class=\"elementor-widget-container\">\n\t\t\t<h2 class=\"elementor-heading-title elementor-size-default\">Atividades:<\/h2>\t\t<\/div>\n\t\t\t\t<\/div>\n\t\t\t\t<div class=\"elementor-element elementor-element-70d8187 elementor-widget elementor-widget-text-editor\" data-id=\"70d8187\" data-element_type=\"widget\" data-widget_type=\"text-editor.default\">\n\t\t\t\t<div class=\"elementor-widget-container\">\n\t\t\t\t\t\t\t<p>&#8211; Utiliza\u00e7\u00e3o de animais para fins psicopedag\u00f3gicos em escolas municipais da cidade de Ponta Grossa, envolvendo alunos da gradua\u00e7\u00e3o.<br \/>&#8211; Atividade assi<span class=\"text_exposed_show\">stida por animais como alternativa e aux\u00edlio na recupera\u00e7\u00e3o de crian\u00e7as que passaram por situa\u00e7\u00f5es traumatizantes.<br \/>-Grupo de estudos para discutir e aprofundar assuntos relacionados \u00e1 intera\u00e7\u00e3o homem-animal.<\/span><\/p>\t\t\t\t\t\t<\/div>\n\t\t\t\t<\/div>\n\t\t\t\t\t<\/div>\n\t\t<\/div>\n\t\t\t\t<div class=\"elementor-column elementor-col-50 elementor-top-column elementor-element elementor-element-e783e96\" data-id=\"e783e96\" data-element_type=\"column\">\n\t\t\t<div class=\"elementor-widget-wrap elementor-element-populated\">\n\t\t\t\t\t\t<div class=\"elementor-element elementor-element-433f8ef elementor-widget elementor-widget-image\" data-id=\"433f8ef\" data-element_type=\"widget\" data-widget_type=\"image.default\">\n\t\t\t\t<div class=\"elementor-widget-container\">\n\t\t\t\t\t\t\t\t\t\t\t\t\t<img fetchpriority=\"high\" decoding=\"async\" width=\"600\" height=\"600\" src=\"https:\/\/www.mascotesdaalegria.com.br\/site\/wp-content\/uploads\/2020\/07\/fundo.png\" class=\"attachment-large size-large wp-image-70\" alt=\"\" srcset=\"https:\/\/www.mascotesdaalegria.com.br\/site\/wp-content\/uploads\/2020\/07\/fundo.png 600w, https:\/\/www.mascotesdaalegria.com.br\/site\/wp-content\/uploads\/2020\/07\/fundo-300x300.png 300w, https:\/\/www.mascotesdaalegria.com.br\/site\/wp-content\/uploads\/2020\/07\/fundo-150x150.png 150w\" sizes=\"(max-width: 600px) 100vw, 600px\" \/>\t\t\t\t\t\t\t\t\t\t\t\t\t<\/div>\n\t\t\t\t<\/div>\n\t\t\t\t\t<\/div>\n\t\t<\/div>\n\t\t\t\t\t<\/div>\n\t\t<\/section>\n\t\t\t\t<\/div>\n\t\t","protected":false},"excerpt":{"rendered":"<p>Quem Somos Sobre \u00a0 \u00a0 \u00a0Mascotes da Alegria \u00e9 um grupo de estudos e de propaga\u00e7\u00e3o dos benef\u00edcios da rela\u00e7\u00e3o homem-animal cadastrado no setor de pesquisa e extens\u00e3o do Cescage. &#8230;<\/p>\n","protected":false},"author":1,"featured_media":0,"parent":0,"menu_order":0,"comment_status":"closed","ping_status":"closed","template":"elementor_header_footer","meta":{"footnotes":""},"class_list":["post-59","page","type-page","status-publish","hentry"],"_links":{"self":[{"href":"https:\/\/www.mascotesdaalegria.com.br\/site\/wp-json\/wp\/v2\/pages\/59"}],"collection":[{"href":"https:\/\/www.mascotesdaalegria.com.br\/site\/wp-json\/wp\/v2\/pages"}],"about":[{"href":"https:\/\/www.mascotesdaalegria.com.br\/site\/wp-json\/wp\/v2\/types\/page"}],"author":[{"embeddable":true,"href":"https:\/\/www.mascotesdaalegria.com.br\/site\/wp-json\/wp\/v2\/users\/1"}],"replies":[{"embeddable":true,"href":"https:\/\/www.mascotesdaalegria.com.br\/site\/wp-json\/wp\/v2\/comments?post=59"}],"version-history":[{"count":4,"href":"https:\/\/www.mascotesdaalegria.com.br\/site\/wp-json\/wp\/v2\/pages\/59\/revisions"}],"predecessor-version":[{"id":148,"href":"https:\/\/www.mascotesdaalegria.com.br\/site\/wp-json\/wp\/v2\/pages\/59\/revisions\/148"}],"wp:attachment":[{"href":"https:\/\/www.mascotesdaalegria.com.br\/site\/wp-json\/wp\/v2\/media?parent=59"}],"curies":[{"name":"wp","href":"https:\/\/api.w.org\/{rel}","templated":true}]}}